{"id":141,"date":"2021-02-19T17:06:00","date_gmt":"2021-02-19T16:06:00","guid":{"rendered":"http:\/\/cftc-boutique-public.fr\/?page_id=141"},"modified":"2023-05-25T11:31:29","modified_gmt":"2023-05-25T09:31:29","slug":"a-propos-de-ce-site","status":"publish","type":"page","link":"https:\/\/cftc-boutique-public.fr\/?page_id=141","title":{"rendered":"A propos de ce site"},"content":{"rendered":"\r\n<p>Ce site est ouvert \u00e0 tous les salari\u00e9s des secteurs d\u2019activit\u00e9s de la branche BETIC, donc notamment \u00e0 tous les salari\u00e9s des ESN, qu&#8217;ils soient ou non adh\u00e9rent de la CFTC. Aucun crit\u00e8re d&#8217;adh\u00e9sion n&#8217;est pris en compte pour vous offrir l&#8217;acc\u00e8s \u00e0 ce site.<\/p>\r\n<p>Ce site a pour objectif d\u2019offrir aux salari\u00e9s de ces secteurs d&#8217;activit\u00e9, des offres promotionnelles dans des domaines aussi vari\u00e9s que la culture, le sport, le bien-\u00eatre, les produits bio, les voyages, les vacances, la maison&#8230;\u00a0<\/p>\r\n<p>Que votre entreprise soit ou non \u00e9quipe d&#8217;un CSE (Comit\u00e9 Social et Economique), ce site est fait pour vous !<\/p>\r\n\r\n\r\n\r\n<p>A travers ce site, vous \u00eates mis en relation avec les offres de nos partenaires. Le SICSTI n\u2019est qu\u2019un interm\u00e9diaire pour vous faire profiter des meilleures offres.<\/p>\r\n\r\n\r\n\r\n<p>Nous souhaitons valoriser les initiatives locales, si vous avez des id\u00e9es, n\u2019h\u00e9sitez pas \u00e0 <a href=\"https:\/\/cftc-boutique-public.fr\/?page_id=111\">nous contacter<\/a>.<\/p>\r\n","protected":false},"excerpt":{"rendered":"<p>Ce site est ouvert \u00e0 tous les salari\u00e9s des secteurs d\u2019activit\u00e9s de la branche BETIC, donc notamment \u00e0 tous les salari\u00e9s des ESN, qu&#8217;ils soient ou non adh\u00e9rent de la CFTC. Aucun crit\u00e8re d&#8217;adh\u00e9sion n&#8217;est pris en compte pour vous offrir l&#8217;acc\u00e8s \u00e0 ce site. Ce site a pour objectif d\u2019offrir aux salari\u00e9s de ces [&hellip;]<\/p>\n","protected":false},"author":4,"featured_media":0,"parent":0,"menu_order":0,"comment_status":"closed","ping_status":"closed","template":"","meta":{"footnotes":""},"class_list":["post-141","page","type-page","status-publish","hentry"],"_links":{"self":[{"href":"https:\/\/cftc-boutique-public.fr\/index.php?rest_route=\/wp\/v2\/pages\/141","targetHints":{"allow":["GET"]}}],"collection":[{"href":"https:\/\/cftc-boutique-public.fr\/index.php?rest_route=\/wp\/v2\/pages"}],"about":[{"href":"https:\/\/cftc-boutique-public.fr\/index.php?rest_route=\/wp\/v2\/types\/page"}],"author":[{"embeddable":true,"href":"https:\/\/cftc-boutique-public.fr\/index.php?rest_route=\/wp\/v2\/users\/4"}],"replies":[{"embeddable":true,"href":"https:\/\/cftc-boutique-public.fr\/index.php?rest_route=%2Fwp%2Fv2%2Fcomments&post=141"}],"version-history":[{"count":4,"href":"https:\/\/cftc-boutique-public.fr\/index.php?rest_route=\/wp\/v2\/pages\/141\/revisions"}],"predecessor-version":[{"id":378,"href":"https:\/\/cftc-boutique-public.fr\/index.php?rest_route=\/wp\/v2\/pages\/141\/revisions\/378"}],"wp:attachment":[{"href":"https:\/\/cftc-boutique-public.fr\/index.php?rest_route=%2Fwp%2Fv2%2Fmedia&parent=141"}],"curies":[{"name":"wp","href":"https:\/\/api.w.org\/{rel}","templated":true}]}}